{"id":37,"date":"2023-09-21T11:43:46","date_gmt":"2023-09-21T11:43:46","guid":{"rendered":"https:\/\/psoin.new.us.edu.pl\/?page_id=37"},"modified":"2025-09-24T17:49:46","modified_gmt":"2025-09-24T17:49:46","slug":"rekrutacja","status":"publish","type":"page","link":"https:\/\/psoin.us.edu.pl\/index.php\/rekrutacja\/","title":{"rendered":"rekrutacja 2025\/2026"},"content":{"rendered":"\t\t<div data-elementor-type=\"wp-page\" data-elementor-id=\"37\" class=\"elementor elementor-37\" data-elementor-post-type=\"page\">\n\t\t\t\t<div class=\"elementor-element elementor-element-ea262db e-flex e-con-boxed e-con e-parent\" data-id=\"ea262db\" data-element_type=\"container\" data-e-type=\"container\">\n\t\t\t\t\t<div class=\"e-con-inner\">\n\t\t\t\t<div class=\"elementor-element elementor-element-65255ed elementor-widget elementor-widget-text-editor\" data-id=\"65255ed\" data-element_type=\"widget\" data-e-type=\"widget\" data-widget_type=\"text-editor.default\">\n\t\t\t\t<div class=\"elementor-widget-container\">\n\t\t\t\t\t\t\t\t\t<h1>Rekrutacja na rok akademicki 2025\/2026<\/h1>\t\t\t\t\t\t\t\t<\/div>\n\t\t\t\t<\/div>\n\t\t\t\t<div class=\"elementor-element elementor-element-618f22f1 elementor-widget elementor-widget-text-editor\" data-id=\"618f22f1\" data-element_type=\"widget\" data-e-type=\"widget\" data-widget_type=\"text-editor.default\">\n\t\t\t\t<div class=\"elementor-widget-container\">\n\t\t\t\t\t\t\t\t\t<h3>Kandydaci<\/h3><p>Adresatami studi\u00f3w s\u0105 absolwenci wy\u017cszych uczelni posiadaj\u0105cy tytu\u0142 licencjata, magistra lub in\u017cyniera, zw\u0142aszcza osoby zajmuj\u0105ce si\u0119 problematyk\u0105 ochrony informacji niejawnych, danych osobowych i bezpiecze\u0144stwa informacji.<\/p><center><strong>Przed\u0142u\u017cona rekrutacja elektroniczna w systemie IRK trwa do dnia 30 wrze\u015bnia 2025 r.<\/strong><\/center>\t\t\t\t\t\t\t\t<\/div>\n\t\t\t\t<\/div>\n\t\t\t\t<div class=\"elementor-element elementor-element-310fcda elementor-button-info elementor-align-center elementor-widget elementor-widget-button\" data-id=\"310fcda\" data-element_type=\"widget\" data-e-type=\"widget\" data-widget_type=\"button.default\">\n\t\t\t\t<div class=\"elementor-widget-container\">\n\t\t\t\t\t\t\t\t\t<div class=\"elementor-button-wrapper\">\n\t\t\t\t\t<a class=\"elementor-button elementor-button-link elementor-size-sm\" href=\"https:\/\/irk.us.edu.pl\/pl\/offer\/POD-2025\/programme\/W4-NPOI19\/\">\n\t\t\t\t\t\t<span class=\"elementor-button-content-wrapper\">\n\t\t\t\t\t\t\t\t\t<span class=\"elementor-button-text\">Zapisz si\u0119 online<\/span>\n\t\t\t\t\t<\/span>\n\t\t\t\t\t<\/a>\n\t\t\t\t<\/div>\n\t\t\t\t\t\t\t\t<\/div>\n\t\t\t\t<\/div>\n\t\t\t\t<div class=\"elementor-element elementor-element-2c84564 elementor-widget-divider--view-line elementor-widget elementor-widget-divider\" data-id=\"2c84564\" data-element_type=\"widget\" data-e-type=\"widget\" data-widget_type=\"divider.default\">\n\t\t\t\t<div class=\"elementor-widget-container\">\n\t\t\t\t\t\t\t<div class=\"elementor-divider\">\n\t\t\t<span class=\"elementor-divider-separator\">\n\t\t\t\t\t\t<\/span>\n\t\t<\/div>\n\t\t\t\t\t\t<\/div>\n\t\t\t\t<\/div>\n\t\t\t\t<div class=\"elementor-element elementor-element-4f49445 elementor-widget elementor-widget-text-editor\" data-id=\"4f49445\" data-element_type=\"widget\" data-e-type=\"widget\" data-widget_type=\"text-editor.default\">\n\t\t\t\t<div class=\"elementor-widget-container\">\n\t\t\t\t\t\t\t\t\t<h3>Informacja o rozpocz\u0119ciu Studi\u00f3w<\/h3><p>Studia rozpoczynaj\u0105 si\u0119 18 pa\u017adziernika 2025 r. Harmonogram zjazd\u00f3w dost\u0119pny w menu: <a href=\"https:\/\/psoin.us.edu.pl\/wp-content\/uploads\/2025\/09\/OINiABI_harmonogram_2025-2026.pdf\">dla Uczestnika&gt;&gt;harmonogram<\/a>.<\/p><h3 style=\"text-align: left;\">Termin i miejsce sk\u0142adania dokument\u00f3w:<\/h3><p style=\"text-align: left;\">Termin rekrutacji:\u00a0 <strong>od 2 czerwca do 30 wrze\u015bnia 2025 r.<br \/><\/strong><\/p><p><strong>Z\u0142\u00f3\u017c dokumenty osobi\u015bcie w sekretariacie lub wy\u015blij poczt\u0105 na adres:<br \/><\/strong>Sosnowiec, ul. \u017bytnia 12\/27<br \/>Sekretariat jest czynny od\u00a0poniedzia\u0142ku do\u00a0pi\u0105tku w\u00a0godz.: 8:00-15:00.<\/p><p><strong>Wymagane dokumenty:<\/strong><br \/>Kandydaci ubiegaj\u0105cy si\u0119 o\u00a0przyj\u0119cie na\u00a0studia podyplomowe sk\u0142adaj\u0105 nast\u0119puj\u0105ce dokumenty:<\/p><ul><li>podanie o\u00a0przyj\u0119cie na\u00a0studia adresowane do\u00a0Rektora (do\u00a0pobrania w\u00a0systemie IRK)<\/li><li>klauzula RODO dla s\u0142uchaczy studi\u00f3w podyplomowych (do\u00a0pobrania w\u00a0systemie IRK)<\/li><li>orygina\u0142 dyplomu uko\u0144czenia studi\u00f3w wy\u017cszych lub orygina\u0142 odpisu<\/li><li>skierowanie w\u00a0przypadku kierowania na\u00a0studia podyplomowe przez\u00a0instytucj\u0119 zewn\u0119trzn\u0105, z\u00a0podaniem kwoty dofinansowania oraz\u00a0adresem i\u00a0NIP-em instytucji<\/li><li>w\u00a0przypadku gdy\u00a0kandydat legitymuje si\u0119 dyplomem uko\u0144czenia studi\u00f3w wy\u017cszych uzyskanym za\u00a0granic\u0105:<ol><li>po\u015bwiadczenie dyplomu uko\u0144czenia studi\u00f3w wy\u017cszych w\u00a0formie legalizacji lub apostille;<\/li><li>t\u0142umaczenie przysi\u0119g\u0142e dyplomu na\u00a0j\u0119zyk polski;<\/li><li>za\u015bwiadczenie o\u00a0uznaniu dyplomu uko\u0144czenia studi\u00f3w wy\u017cszych wydanego za\u00a0granic\u0105 lub o\u015bwiadczenie kandydata o\u00a0obowi\u0105zku dostarczenia takiego za\u015bwiadczenia w\u00a0ci\u0105gu 30 dni od\u00a0dnia jego uzyskania (w\u00a0przypadku gdy\u00a0dyplom uko\u0144czenia studi\u00f3w wy\u017cszych podlega obowi\u0105zkowi nostryfikacji \u2013 za\u015bwiadczenie o\u00a0nostryfikacji dyplomu albo\u00a0o\u015bwiadczenie kandydata o\u00a0obowi\u0105zku dostarczenia za\u015bwiadczenia o\u00a0nostryfikacji dyplomu w\u00a0ci\u0105gu 30 dni od\u00a0dnia jego uzyskania).<\/li><\/ol><\/li><\/ul><h3>\u00a0<\/h3><h3>Warunki przyj\u0119cia:<\/h3><p>Kryteria kwalifikacji: <a href=\"https:\/\/irk.us.edu.pl\/pl\/offer\/POD-2025\/programme\/W4-NPOI19\/#Kryteria_kwalifikacji\">Studia Podyplomowe: Ochrona informacji niejawnych i administracja bezpiecze\u0144stwa informacji<\/a><br \/>O przyj\u0119ciu na\u00a0studia podyplomowe decyduje kolejno\u015b\u0107 zg\u0142osze\u0144.<\/p><p><strong>Termin rozpocz\u0119cia zaj\u0119\u0107: 18 pa\u017adziernika 2025<\/strong><\/p><h3 style=\"text-align: center;\">ZAPRASZAMY<\/h3>\t\t\t\t\t\t\t\t<\/div>\n\t\t\t\t<\/div>\n\t\t\t\t<div class=\"elementor-element elementor-element-3deddec elementor-widget-divider--view-line elementor-widget elementor-widget-divider\" data-id=\"3deddec\" data-element_type=\"widget\" data-e-type=\"widget\" data-widget_type=\"divider.default\">\n\t\t\t\t<div class=\"elementor-widget-container\">\n\t\t\t\t\t\t\t<div class=\"elementor-divider\">\n\t\t\t<span class=\"elementor-divider-separator\">\n\t\t\t\t\t\t<\/span>\n\t\t<\/div>\n\t\t\t\t\t\t<\/div>\n\t\t\t\t<\/div>\n\t\t\t\t\t<\/div>\n\t\t\t\t<\/div>\n\t\t<div class=\"elementor-element elementor-element-027eedb e-flex e-con-boxed e-con e-parent\" data-id=\"027eedb\" data-element_type=\"container\" data-e-type=\"container\">\n\t\t\t\t\t<div class=\"e-con-inner\">\n\t\t\t\t\t<\/div>\n\t\t\t\t<\/div>\n\t\t\t\t<\/div>\n\t\t","protected":false},"excerpt":{"rendered":"<p>Rekrutacja na rok akademicki 2025\/2026 Kandydaci Adresatami studi\u00f3w s\u0105 absolwenci wy\u017cszych uczelni posiadaj\u0105cy tytu\u0142 licencjata, magistra lub in\u017cyniera, zw\u0142aszcza osoby zajmuj\u0105ce si\u0119 problematyk\u0105 ochrony informacji niejawnych, danych osobowych i bezpiecze\u0144stwa informacji. Przed\u0142u\u017cona rekrutacja elektroniczna w systemie IRK trwa do dnia 30 wrze\u015bnia 2025 r. Zapisz si\u0119 online Informacja o rozpocz\u0119ciu Studi\u00f3w Studia rozpoczynaj\u0105 si\u0119 18 [&hellip;]<\/p>\n","protected":false},"author":1,"featured_media":0,"parent":0,"menu_order":0,"comment_status":"closed","ping_status":"closed","template":"","meta":{"footnotes":""},"class_list":["post-37","page","type-page","status-publish","hentry"],"yoast_head":"<!-- This site is optimized with the Yoast SEO plugin v27.4 - https:\/\/yoast.com\/product\/yoast-seo-wordpress\/ -->\n<title>rekrutacja 2025\/2026 -<\/title>\n<meta name=\"robots\" content=\"index, follow, max-snippet:-1, max-image-preview:large, max-video-preview:-1\" \/>\n<link rel=\"canonical\" href=\"https:\/\/psoin.us.edu.pl\/index.php\/rekrutacja\/\" \/>\n<meta property=\"og:locale\" content=\"pl_PL\" \/>\n<meta property=\"og:type\" content=\"article\" \/>\n<meta property=\"og:title\" content=\"rekrutacja 2025\/2026 -\" \/>\n<meta property=\"og:description\" content=\"Rekrutacja na rok akademicki 2025\/2026 Kandydaci Adresatami studi\u00f3w s\u0105 absolwenci wy\u017cszych uczelni posiadaj\u0105cy tytu\u0142 licencjata, magistra lub in\u017cyniera, zw\u0142aszcza osoby zajmuj\u0105ce si\u0119 problematyk\u0105 ochrony informacji niejawnych, danych osobowych i bezpiecze\u0144stwa informacji. Przed\u0142u\u017cona rekrutacja elektroniczna w systemie IRK trwa do dnia 30 wrze\u015bnia 2025 r. Zapisz si\u0119 online Informacja o rozpocz\u0119ciu Studi\u00f3w Studia rozpoczynaj\u0105 si\u0119 18 [&hellip;]\" \/>\n<meta property=\"og:url\" content=\"https:\/\/psoin.us.edu.pl\/index.php\/rekrutacja\/\" \/>\n<meta property=\"article:modified_time\" content=\"2025-09-24T17:49:46+00:00\" \/>\n<meta name=\"twitter:card\" content=\"summary_large_image\" \/>\n<meta name=\"twitter:label1\" content=\"Szacowany czas czytania\" \/>\n\t<meta name=\"twitter:data1\" content=\"2 minuty\" \/>\n<script type=\"application\/ld+json\" class=\"yoast-schema-graph\">{\"@context\":\"https:\\\/\\\/schema.org\",\"@graph\":[{\"@type\":\"WebPage\",\"@id\":\"https:\\\/\\\/psoin.us.edu.pl\\\/index.php\\\/rekrutacja\\\/\",\"url\":\"https:\\\/\\\/psoin.us.edu.pl\\\/index.php\\\/rekrutacja\\\/\",\"name\":\"rekrutacja 2025\\\/2026 -\",\"isPartOf\":{\"@id\":\"https:\\\/\\\/psoin.us.edu.pl\\\/#website\"},\"datePublished\":\"2023-09-21T11:43:46+00:00\",\"dateModified\":\"2025-09-24T17:49:46+00:00\",\"breadcrumb\":{\"@id\":\"https:\\\/\\\/psoin.us.edu.pl\\\/index.php\\\/rekrutacja\\\/#breadcrumb\"},\"inLanguage\":\"pl-PL\",\"potentialAction\":[{\"@type\":\"ReadAction\",\"target\":[\"https:\\\/\\\/psoin.us.edu.pl\\\/index.php\\\/rekrutacja\\\/\"]}]},{\"@type\":\"BreadcrumbList\",\"@id\":\"https:\\\/\\\/psoin.us.edu.pl\\\/index.php\\\/rekrutacja\\\/#breadcrumb\",\"itemListElement\":[{\"@type\":\"ListItem\",\"position\":1,\"name\":\"Strona g\u0142\u00f3wna\",\"item\":\"https:\\\/\\\/psoin.us.edu.pl\\\/\"},{\"@type\":\"ListItem\",\"position\":2,\"name\":\"rekrutacja 2025\\\/2026\"}]},{\"@type\":\"WebSite\",\"@id\":\"https:\\\/\\\/psoin.us.edu.pl\\\/#website\",\"url\":\"https:\\\/\\\/psoin.us.edu.pl\\\/\",\"name\":\"Studia podyplomowe ochrona informacji niejawnych i administracja bezpiecze\u0144stwa informacji\",\"description\":\"\",\"publisher\":{\"@id\":\"https:\\\/\\\/psoin.us.edu.pl\\\/#organization\"},\"potentialAction\":[{\"@type\":\"SearchAction\",\"target\":{\"@type\":\"EntryPoint\",\"urlTemplate\":\"https:\\\/\\\/psoin.us.edu.pl\\\/?s={search_term_string}\"},\"query-input\":{\"@type\":\"PropertyValueSpecification\",\"valueRequired\":true,\"valueName\":\"search_term_string\"}}],\"inLanguage\":\"pl-PL\"},{\"@type\":\"Organization\",\"@id\":\"https:\\\/\\\/psoin.us.edu.pl\\\/#organization\",\"name\":\"Uniwersytet \u015al\u0105ski\",\"url\":\"https:\\\/\\\/psoin.us.edu.pl\\\/\",\"logo\":{\"@type\":\"ImageObject\",\"inLanguage\":\"pl-PL\",\"@id\":\"https:\\\/\\\/psoin.us.edu.pl\\\/#\\\/schema\\\/logo\\\/image\\\/\",\"url\":\"https:\\\/\\\/psoin.us.edu.pl\\\/wp-content\\\/uploads\\\/2025\\\/07\\\/cropped-2.png\",\"contentUrl\":\"https:\\\/\\\/psoin.us.edu.pl\\\/wp-content\\\/uploads\\\/2025\\\/07\\\/cropped-2.png\",\"width\":1792,\"height\":512,\"caption\":\"Uniwersytet \u015al\u0105ski\"},\"image\":{\"@id\":\"https:\\\/\\\/psoin.us.edu.pl\\\/#\\\/schema\\\/logo\\\/image\\\/\"}}]}<\/script>\n<!-- \/ Yoast SEO plugin. -->","yoast_head_json":{"title":"rekrutacja 2025\/2026 -","robots":{"index":"index","follow":"follow","max-snippet":"max-snippet:-1","max-image-preview":"max-image-preview:large","max-video-preview":"max-video-preview:-1"},"canonical":"https:\/\/psoin.us.edu.pl\/index.php\/rekrutacja\/","og_locale":"pl_PL","og_type":"article","og_title":"rekrutacja 2025\/2026 -","og_description":"Rekrutacja na rok akademicki 2025\/2026 Kandydaci Adresatami studi\u00f3w s\u0105 absolwenci wy\u017cszych uczelni posiadaj\u0105cy tytu\u0142 licencjata, magistra lub in\u017cyniera, zw\u0142aszcza osoby zajmuj\u0105ce si\u0119 problematyk\u0105 ochrony informacji niejawnych, danych osobowych i bezpiecze\u0144stwa informacji. Przed\u0142u\u017cona rekrutacja elektroniczna w systemie IRK trwa do dnia 30 wrze\u015bnia 2025 r. Zapisz si\u0119 online Informacja o rozpocz\u0119ciu Studi\u00f3w Studia rozpoczynaj\u0105 si\u0119 18 [&hellip;]","og_url":"https:\/\/psoin.us.edu.pl\/index.php\/rekrutacja\/","article_modified_time":"2025-09-24T17:49:46+00:00","twitter_card":"summary_large_image","twitter_misc":{"Szacowany czas czytania":"2 minuty"},"schema":{"@context":"https:\/\/schema.org","@graph":[{"@type":"WebPage","@id":"https:\/\/psoin.us.edu.pl\/index.php\/rekrutacja\/","url":"https:\/\/psoin.us.edu.pl\/index.php\/rekrutacja\/","name":"rekrutacja 2025\/2026 -","isPartOf":{"@id":"https:\/\/psoin.us.edu.pl\/#website"},"datePublished":"2023-09-21T11:43:46+00:00","dateModified":"2025-09-24T17:49:46+00:00","breadcrumb":{"@id":"https:\/\/psoin.us.edu.pl\/index.php\/rekrutacja\/#breadcrumb"},"inLanguage":"pl-PL","potentialAction":[{"@type":"ReadAction","target":["https:\/\/psoin.us.edu.pl\/index.php\/rekrutacja\/"]}]},{"@type":"BreadcrumbList","@id":"https:\/\/psoin.us.edu.pl\/index.php\/rekrutacja\/#breadcrumb","itemListElement":[{"@type":"ListItem","position":1,"name":"Strona g\u0142\u00f3wna","item":"https:\/\/psoin.us.edu.pl\/"},{"@type":"ListItem","position":2,"name":"rekrutacja 2025\/2026"}]},{"@type":"WebSite","@id":"https:\/\/psoin.us.edu.pl\/#website","url":"https:\/\/psoin.us.edu.pl\/","name":"Studia podyplomowe ochrona informacji niejawnych i administracja bezpiecze\u0144stwa informacji","description":"","publisher":{"@id":"https:\/\/psoin.us.edu.pl\/#organization"},"potentialAction":[{"@type":"SearchAction","target":{"@type":"EntryPoint","urlTemplate":"https:\/\/psoin.us.edu.pl\/?s={search_term_string}"},"query-input":{"@type":"PropertyValueSpecification","valueRequired":true,"valueName":"search_term_string"}}],"inLanguage":"pl-PL"},{"@type":"Organization","@id":"https:\/\/psoin.us.edu.pl\/#organization","name":"Uniwersytet \u015al\u0105ski","url":"https:\/\/psoin.us.edu.pl\/","logo":{"@type":"ImageObject","inLanguage":"pl-PL","@id":"https:\/\/psoin.us.edu.pl\/#\/schema\/logo\/image\/","url":"https:\/\/psoin.us.edu.pl\/wp-content\/uploads\/2025\/07\/cropped-2.png","contentUrl":"https:\/\/psoin.us.edu.pl\/wp-content\/uploads\/2025\/07\/cropped-2.png","width":1792,"height":512,"caption":"Uniwersytet \u015al\u0105ski"},"image":{"@id":"https:\/\/psoin.us.edu.pl\/#\/schema\/logo\/image\/"}}]}},"_links":{"self":[{"href":"https:\/\/psoin.us.edu.pl\/index.php\/wp-json\/wp\/v2\/pages\/37","targetHints":{"allow":["GET"]}}],"collection":[{"href":"https:\/\/psoin.us.edu.pl\/index.php\/wp-json\/wp\/v2\/pages"}],"about":[{"href":"https:\/\/psoin.us.edu.pl\/index.php\/wp-json\/wp\/v2\/types\/page"}],"author":[{"embeddable":true,"href":"https:\/\/psoin.us.edu.pl\/index.php\/wp-json\/wp\/v2\/users\/1"}],"replies":[{"embeddable":true,"href":"https:\/\/psoin.us.edu.pl\/index.php\/wp-json\/wp\/v2\/comments?post=37"}],"version-history":[{"count":61,"href":"https:\/\/psoin.us.edu.pl\/index.php\/wp-json\/wp\/v2\/pages\/37\/revisions"}],"predecessor-version":[{"id":730,"href":"https:\/\/psoin.us.edu.pl\/index.php\/wp-json\/wp\/v2\/pages\/37\/revisions\/730"}],"wp:attachment":[{"href":"https:\/\/psoin.us.edu.pl\/index.php\/wp-json\/wp\/v2\/media?parent=37"}],"curies":[{"name":"wp","href":"https:\/\/api.w.org\/{rel}","templated":true}]}}