{"id":39,"date":"2023-09-21T11:44:43","date_gmt":"2023-09-21T11:44:43","guid":{"rendered":"https:\/\/psoin.new.us.edu.pl\/?page_id=39"},"modified":"2025-07-07T12:59:26","modified_gmt":"2025-07-07T12:59:26","slug":"kontakt","status":"publish","type":"page","link":"https:\/\/psoin.us.edu.pl\/index.php\/kontakt\/","title":{"rendered":"kontakt"},"content":{"rendered":"\t\t<div data-elementor-type=\"wp-page\" data-elementor-id=\"39\" class=\"elementor elementor-39\" data-elementor-post-type=\"page\">\n\t\t\t\t<div class=\"elementor-element elementor-element-ec729f5 e-flex e-con-boxed e-con e-parent\" data-id=\"ec729f5\" data-element_type=\"container\" data-e-type=\"container\">\n\t\t\t\t\t<div class=\"e-con-inner\">\n\t\t\t\t<div class=\"elementor-element elementor-element-d7edd17 elementor-widget elementor-widget-text-editor\" data-id=\"d7edd17\" data-element_type=\"widget\" data-e-type=\"widget\" data-widget_type=\"text-editor.default\">\n\t\t\t\t<div class=\"elementor-widget-container\">\n\t\t\t\t\t\t\t\t\t<h1>Kontakt<\/h1>\t\t\t\t\t\t\t\t<\/div>\n\t\t\t\t<\/div>\n\t\t\t\t\t<\/div>\n\t\t\t\t<\/div>\n\t\t<div class=\"elementor-element elementor-element-998ba2e e-flex e-con-boxed e-con e-parent\" data-id=\"998ba2e\" data-element_type=\"container\" data-e-type=\"container\">\n\t\t\t\t\t<div class=\"e-con-inner\">\n\t\t<div class=\"elementor-element elementor-element-72e1702 e-con-full e-flex e-con e-child\" data-id=\"72e1702\" data-element_type=\"container\" data-e-type=\"container\">\n\t\t\t\t<div class=\"elementor-element elementor-element-2dd0786 elementor-widget elementor-widget-image\" data-id=\"2dd0786\" data-element_type=\"widget\" data-e-type=\"widget\" data-widget_type=\"image.default\">\n\t\t\t\t<div class=\"elementor-widget-container\">\n\t\t\t\t\t\t\t\t\t\t\t\t\t\t\t<img fetchpriority=\"high\" decoding=\"async\" width=\"429\" height=\"512\" src=\"https:\/\/psoin.us.edu.pl\/wp-content\/uploads\/2023\/10\/GajosMalgrzata.jpeg\" class=\"attachment-large size-large wp-image-121\" alt=\"\" srcset=\"https:\/\/psoin.us.edu.pl\/wp-content\/uploads\/2023\/10\/GajosMalgrzata.jpeg 429w, https:\/\/psoin.us.edu.pl\/wp-content\/uploads\/2023\/10\/GajosMalgrzata-251x300.jpeg 251w\" sizes=\"(max-width: 429px) 100vw, 429px\" \/>\t\t\t\t\t\t\t\t\t\t\t\t\t\t\t<\/div>\n\t\t\t\t<\/div>\n\t\t\t\t<div class=\"elementor-element elementor-element-12124b85 elementor-widget elementor-widget-text-editor\" data-id=\"12124b85\" data-element_type=\"widget\" data-e-type=\"widget\" data-widget_type=\"text-editor.default\">\n\t\t\t\t<div class=\"elementor-widget-container\">\n\t\t\t\t\t\t\t\t\t<p>Kierownik studi\u00f3w<br \/><strong>dr\u00a0Ma\u0142gorzata Gajos-Gr\u017eeti\u0107, prof.\u00a0U\u015a<\/strong><br \/>e-mail: <a href=\"mailto:malgorzata.gajos@us.edu.pl\">malgorzata.gajos@us.edu.pl<\/a> lub <a href=\"mailto:psoin@us.edu.pl\">psoin@us.edu.pl<\/a><\/p>\t\t\t\t\t\t\t\t<\/div>\n\t\t\t\t<\/div>\n\t\t\t\t<\/div>\n\t\t<div class=\"elementor-element elementor-element-a9b6bc8 e-con-full e-flex e-con e-child\" data-id=\"a9b6bc8\" data-element_type=\"container\" data-e-type=\"container\">\n\t\t\t\t<div class=\"elementor-element elementor-element-6bd1906 elementor-widget elementor-widget-image\" data-id=\"6bd1906\" data-element_type=\"widget\" data-e-type=\"widget\" data-widget_type=\"image.default\">\n\t\t\t\t<div class=\"elementor-widget-container\">\n\t\t\t\t\t\t\t\t\t\t\t\t\t\t\t<img decoding=\"async\" width=\"800\" height=\"533\" src=\"https:\/\/psoin.us.edu.pl\/wp-content\/uploads\/2023\/10\/PrzybylskaJustyna_4.png\" class=\"attachment-large size-large wp-image-134\" alt=\"\" srcset=\"https:\/\/psoin.us.edu.pl\/wp-content\/uploads\/2023\/10\/PrzybylskaJustyna_4.png 900w, https:\/\/psoin.us.edu.pl\/wp-content\/uploads\/2023\/10\/PrzybylskaJustyna_4-300x200.png 300w, https:\/\/psoin.us.edu.pl\/wp-content\/uploads\/2023\/10\/PrzybylskaJustyna_4-768x512.png 768w\" sizes=\"(max-width: 800px) 100vw, 800px\" \/>\t\t\t\t\t\t\t\t\t\t\t\t\t\t\t<\/div>\n\t\t\t\t<\/div>\n\t\t\t\t<div class=\"elementor-element elementor-element-78c471e elementor-widget elementor-widget-text-editor\" data-id=\"78c471e\" data-element_type=\"widget\" data-e-type=\"widget\" data-widget_type=\"text-editor.default\">\n\t\t\t\t<div class=\"elementor-widget-container\">\n\t\t\t\t\t\t\t\t\t<p>Sekretariat<br \/><b>Justyna Przybylska<br \/><\/b><span style=\"color: var( --e-global-color-text ); font-family: var( --e-global-typography-text-font-family ), Sans-serif; font-weight: var( --e-global-typography-text-font-weight ); text-align: var(--text-align); background-color: var(--nv-site-bg); font-size: var(--bodyfontsize); letter-spacing: var(--bodyletterspacing); text-transform: var(--bodytexttransform);\">e-mail:<\/span> <a style=\"font-family: var( --e-global-typography-text-font-family ), Sans-serif; font-weight: var( --e-global-typography-text-font-weight ); text-align: var(--text-align); background-color: var(--nv-site-bg); font-size: var(--bodyfontsize); letter-spacing: var(--bodyletterspacing); text-transform: var(--bodytexttransform);\" href=\"mailto:justyna.przybylska@us.edu.pl\">justyna.przybylska@us.edu.pl<\/a><span style=\"color: var( --e-global-color-text ); font-family: var( --e-global-typography-text-font-family ), Sans-serif; font-weight: var( --e-global-typography-text-font-weight ); text-align: var(--text-align); background-color: var(--nv-site-bg); font-size: var(--bodyfontsize); letter-spacing: var(--bodyletterspacing); text-transform: var(--bodytexttransform);\"> lub\u00a0<\/span><a style=\"font-family: var( --e-global-typography-text-font-family ), Sans-serif; font-weight: var( --e-global-typography-text-font-weight ); text-align: var(--text-align); background-color: var(--nv-site-bg); font-size: var(--bodyfontsize); letter-spacing: var(--bodyletterspacing); text-transform: var(--bodytexttransform);\" href=\"mailto:psoin@us.edu.pl\">psoin@us.edu.pl<\/a><\/p>\t\t\t\t\t\t\t\t<\/div>\n\t\t\t\t<\/div>\n\t\t\t\t<\/div>\n\t\t\t\t\t<\/div>\n\t\t\t\t<\/div>\n\t\t<div class=\"elementor-element elementor-element-1c85751 e-flex e-con-boxed e-con e-parent\" data-id=\"1c85751\" data-element_type=\"container\" data-e-type=\"container\">\n\t\t\t\t\t<div class=\"e-con-inner\">\n\t\t\t\t<div class=\"elementor-element elementor-element-67c5fd9 elementor-widget-divider--view-line elementor-widget elementor-widget-divider\" data-id=\"67c5fd9\" data-element_type=\"widget\" data-e-type=\"widget\" data-widget_type=\"divider.default\">\n\t\t\t\t<div class=\"elementor-widget-container\">\n\t\t\t\t\t\t\t<div class=\"elementor-divider\">\n\t\t\t<span class=\"elementor-divider-separator\">\n\t\t\t\t\t\t<\/span>\n\t\t<\/div>\n\t\t\t\t\t\t<\/div>\n\t\t\t\t<\/div>\n\t\t\t\t<div class=\"elementor-element elementor-element-b064366 elementor-widget elementor-widget-text-editor\" data-id=\"b064366\" data-element_type=\"widget\" data-e-type=\"widget\" data-widget_type=\"text-editor.default\">\n\t\t\t\t<div class=\"elementor-widget-container\">\n\t\t\t\t\t\t\t\t\t<p><strong>Wydzia\u0142 Nauk \u015acis\u0142ych i\u00a0Technicznych<\/strong><br \/>41-205 Sosnowiec,\u00a0ul. \u017bytnia 12 p.\u00a027<br \/>tel. 32 269 18 69<\/p>\t\t\t\t\t\t\t\t<\/div>\n\t\t\t\t<\/div>\n\t\t\t\t<div class=\"elementor-element elementor-element-8fd797b elementor-widget-divider--view-line elementor-widget elementor-widget-divider\" data-id=\"8fd797b\" data-element_type=\"widget\" data-e-type=\"widget\" data-widget_type=\"divider.default\">\n\t\t\t\t<div class=\"elementor-widget-container\">\n\t\t\t\t\t\t\t<div class=\"elementor-divider\">\n\t\t\t<span class=\"elementor-divider-separator\">\n\t\t\t\t\t\t<\/span>\n\t\t<\/div>\n\t\t\t\t\t\t<\/div>\n\t\t\t\t<\/div>\n\t\t\t\t\t<\/div>\n\t\t\t\t<\/div>\n\t\t\t\t<\/div>\n\t\t","protected":false},"excerpt":{"rendered":"<p>Kontakt Kierownik studi\u00f3wdr\u00a0Ma\u0142gorzata Gajos-Gr\u017eeti\u0107, prof.\u00a0U\u015ae-mail: malgorzata.gajos@us.edu.pl lub psoin@us.edu.pl SekretariatJustyna Przybylskae-mail: justyna.przybylska@us.edu.pl lub\u00a0psoin@us.edu.pl Wydzia\u0142 Nauk \u015acis\u0142ych i\u00a0Technicznych41-205 Sosnowiec,\u00a0ul. \u017bytnia 12 p.\u00a027tel. 32 269 18 69<\/p>\n","protected":false},"author":1,"featured_media":0,"parent":0,"menu_order":0,"comment_status":"closed","ping_status":"closed","template":"","meta":{"footnotes":""},"class_list":["post-39","page","type-page","status-publish","hentry"],"yoast_head":"<!-- This site is optimized with the Yoast SEO plugin v27.4 - https:\/\/yoast.com\/product\/yoast-seo-wordpress\/ -->\n<title>kontakt -<\/title>\n<meta name=\"robots\" content=\"index, follow, max-snippet:-1, max-image-preview:large, max-video-preview:-1\" \/>\n<link rel=\"canonical\" href=\"https:\/\/psoin.us.edu.pl\/index.php\/kontakt\/\" \/>\n<meta property=\"og:locale\" content=\"pl_PL\" \/>\n<meta property=\"og:type\" content=\"article\" \/>\n<meta property=\"og:title\" content=\"kontakt -\" \/>\n<meta property=\"og:description\" content=\"Kontakt Kierownik studi\u00f3wdr\u00a0Ma\u0142gorzata Gajos-Gr\u017eeti\u0107, prof.\u00a0U\u015ae-mail: malgorzata.gajos@us.edu.pl lub psoin@us.edu.pl SekretariatJustyna Przybylskae-mail: justyna.przybylska@us.edu.pl lub\u00a0psoin@us.edu.pl Wydzia\u0142 Nauk \u015acis\u0142ych i\u00a0Technicznych41-205 Sosnowiec,\u00a0ul. \u017bytnia 12 p.\u00a027tel. 32 269 18 69\" \/>\n<meta property=\"og:url\" content=\"https:\/\/psoin.us.edu.pl\/index.php\/kontakt\/\" \/>\n<meta property=\"article:modified_time\" content=\"2025-07-07T12:59:26+00:00\" \/>\n<meta property=\"og:image\" content=\"https:\/\/psoin.us.edu.pl\/wp-content\/uploads\/2023\/10\/GajosMalgrzata.jpeg\" \/>\n\t<meta property=\"og:image:width\" content=\"429\" \/>\n\t<meta property=\"og:image:height\" content=\"512\" \/>\n\t<meta property=\"og:image:type\" content=\"image\/jpeg\" \/>\n<meta name=\"twitter:card\" content=\"summary_large_image\" \/>\n<script type=\"application\/ld+json\" class=\"yoast-schema-graph\">{\"@context\":\"https:\\\/\\\/schema.org\",\"@graph\":[{\"@type\":\"WebPage\",\"@id\":\"https:\\\/\\\/psoin.us.edu.pl\\\/index.php\\\/kontakt\\\/\",\"url\":\"https:\\\/\\\/psoin.us.edu.pl\\\/index.php\\\/kontakt\\\/\",\"name\":\"kontakt -\",\"isPartOf\":{\"@id\":\"https:\\\/\\\/psoin.us.edu.pl\\\/#website\"},\"primaryImageOfPage\":{\"@id\":\"https:\\\/\\\/psoin.us.edu.pl\\\/index.php\\\/kontakt\\\/#primaryimage\"},\"image\":{\"@id\":\"https:\\\/\\\/psoin.us.edu.pl\\\/index.php\\\/kontakt\\\/#primaryimage\"},\"thumbnailUrl\":\"https:\\\/\\\/psoin.us.edu.pl\\\/wp-content\\\/uploads\\\/2023\\\/10\\\/GajosMalgrzata.jpeg\",\"datePublished\":\"2023-09-21T11:44:43+00:00\",\"dateModified\":\"2025-07-07T12:59:26+00:00\",\"breadcrumb\":{\"@id\":\"https:\\\/\\\/psoin.us.edu.pl\\\/index.php\\\/kontakt\\\/#breadcrumb\"},\"inLanguage\":\"pl-PL\",\"potentialAction\":[{\"@type\":\"ReadAction\",\"target\":[\"https:\\\/\\\/psoin.us.edu.pl\\\/index.php\\\/kontakt\\\/\"]}]},{\"@type\":\"ImageObject\",\"inLanguage\":\"pl-PL\",\"@id\":\"https:\\\/\\\/psoin.us.edu.pl\\\/index.php\\\/kontakt\\\/#primaryimage\",\"url\":\"https:\\\/\\\/psoin.us.edu.pl\\\/wp-content\\\/uploads\\\/2023\\\/10\\\/GajosMalgrzata.jpeg\",\"contentUrl\":\"https:\\\/\\\/psoin.us.edu.pl\\\/wp-content\\\/uploads\\\/2023\\\/10\\\/GajosMalgrzata.jpeg\",\"width\":429,\"height\":512},{\"@type\":\"BreadcrumbList\",\"@id\":\"https:\\\/\\\/psoin.us.edu.pl\\\/index.php\\\/kontakt\\\/#breadcrumb\",\"itemListElement\":[{\"@type\":\"ListItem\",\"position\":1,\"name\":\"Strona g\u0142\u00f3wna\",\"item\":\"https:\\\/\\\/psoin.us.edu.pl\\\/\"},{\"@type\":\"ListItem\",\"position\":2,\"name\":\"kontakt\"}]},{\"@type\":\"WebSite\",\"@id\":\"https:\\\/\\\/psoin.us.edu.pl\\\/#website\",\"url\":\"https:\\\/\\\/psoin.us.edu.pl\\\/\",\"name\":\"Studia podyplomowe ochrona informacji niejawnych i administracja bezpiecze\u0144stwa informacji\",\"description\":\"\",\"publisher\":{\"@id\":\"https:\\\/\\\/psoin.us.edu.pl\\\/#organization\"},\"potentialAction\":[{\"@type\":\"SearchAction\",\"target\":{\"@type\":\"EntryPoint\",\"urlTemplate\":\"https:\\\/\\\/psoin.us.edu.pl\\\/?s={search_term_string}\"},\"query-input\":{\"@type\":\"PropertyValueSpecification\",\"valueRequired\":true,\"valueName\":\"search_term_string\"}}],\"inLanguage\":\"pl-PL\"},{\"@type\":\"Organization\",\"@id\":\"https:\\\/\\\/psoin.us.edu.pl\\\/#organization\",\"name\":\"Uniwersytet \u015al\u0105ski\",\"url\":\"https:\\\/\\\/psoin.us.edu.pl\\\/\",\"logo\":{\"@type\":\"ImageObject\",\"inLanguage\":\"pl-PL\",\"@id\":\"https:\\\/\\\/psoin.us.edu.pl\\\/#\\\/schema\\\/logo\\\/image\\\/\",\"url\":\"https:\\\/\\\/psoin.us.edu.pl\\\/wp-content\\\/uploads\\\/2025\\\/07\\\/cropped-2.png\",\"contentUrl\":\"https:\\\/\\\/psoin.us.edu.pl\\\/wp-content\\\/uploads\\\/2025\\\/07\\\/cropped-2.png\",\"width\":1792,\"height\":512,\"caption\":\"Uniwersytet \u015al\u0105ski\"},\"image\":{\"@id\":\"https:\\\/\\\/psoin.us.edu.pl\\\/#\\\/schema\\\/logo\\\/image\\\/\"}}]}<\/script>\n<!-- \/ Yoast SEO plugin. -->","yoast_head_json":{"title":"kontakt -","robots":{"index":"index","follow":"follow","max-snippet":"max-snippet:-1","max-image-preview":"max-image-preview:large","max-video-preview":"max-video-preview:-1"},"canonical":"https:\/\/psoin.us.edu.pl\/index.php\/kontakt\/","og_locale":"pl_PL","og_type":"article","og_title":"kontakt -","og_description":"Kontakt Kierownik studi\u00f3wdr\u00a0Ma\u0142gorzata Gajos-Gr\u017eeti\u0107, prof.\u00a0U\u015ae-mail: malgorzata.gajos@us.edu.pl lub psoin@us.edu.pl SekretariatJustyna Przybylskae-mail: justyna.przybylska@us.edu.pl lub\u00a0psoin@us.edu.pl Wydzia\u0142 Nauk \u015acis\u0142ych i\u00a0Technicznych41-205 Sosnowiec,\u00a0ul. \u017bytnia 12 p.\u00a027tel. 32 269 18 69","og_url":"https:\/\/psoin.us.edu.pl\/index.php\/kontakt\/","article_modified_time":"2025-07-07T12:59:26+00:00","og_image":[{"width":429,"height":512,"url":"https:\/\/psoin.us.edu.pl\/wp-content\/uploads\/2023\/10\/GajosMalgrzata.jpeg","type":"image\/jpeg"}],"twitter_card":"summary_large_image","schema":{"@context":"https:\/\/schema.org","@graph":[{"@type":"WebPage","@id":"https:\/\/psoin.us.edu.pl\/index.php\/kontakt\/","url":"https:\/\/psoin.us.edu.pl\/index.php\/kontakt\/","name":"kontakt -","isPartOf":{"@id":"https:\/\/psoin.us.edu.pl\/#website"},"primaryImageOfPage":{"@id":"https:\/\/psoin.us.edu.pl\/index.php\/kontakt\/#primaryimage"},"image":{"@id":"https:\/\/psoin.us.edu.pl\/index.php\/kontakt\/#primaryimage"},"thumbnailUrl":"https:\/\/psoin.us.edu.pl\/wp-content\/uploads\/2023\/10\/GajosMalgrzata.jpeg","datePublished":"2023-09-21T11:44:43+00:00","dateModified":"2025-07-07T12:59:26+00:00","breadcrumb":{"@id":"https:\/\/psoin.us.edu.pl\/index.php\/kontakt\/#breadcrumb"},"inLanguage":"pl-PL","potentialAction":[{"@type":"ReadAction","target":["https:\/\/psoin.us.edu.pl\/index.php\/kontakt\/"]}]},{"@type":"ImageObject","inLanguage":"pl-PL","@id":"https:\/\/psoin.us.edu.pl\/index.php\/kontakt\/#primaryimage","url":"https:\/\/psoin.us.edu.pl\/wp-content\/uploads\/2023\/10\/GajosMalgrzata.jpeg","contentUrl":"https:\/\/psoin.us.edu.pl\/wp-content\/uploads\/2023\/10\/GajosMalgrzata.jpeg","width":429,"height":512},{"@type":"BreadcrumbList","@id":"https:\/\/psoin.us.edu.pl\/index.php\/kontakt\/#breadcrumb","itemListElement":[{"@type":"ListItem","position":1,"name":"Strona g\u0142\u00f3wna","item":"https:\/\/psoin.us.edu.pl\/"},{"@type":"ListItem","position":2,"name":"kontakt"}]},{"@type":"WebSite","@id":"https:\/\/psoin.us.edu.pl\/#website","url":"https:\/\/psoin.us.edu.pl\/","name":"Studia podyplomowe ochrona informacji niejawnych i administracja bezpiecze\u0144stwa informacji","description":"","publisher":{"@id":"https:\/\/psoin.us.edu.pl\/#organization"},"potentialAction":[{"@type":"SearchAction","target":{"@type":"EntryPoint","urlTemplate":"https:\/\/psoin.us.edu.pl\/?s={search_term_string}"},"query-input":{"@type":"PropertyValueSpecification","valueRequired":true,"valueName":"search_term_string"}}],"inLanguage":"pl-PL"},{"@type":"Organization","@id":"https:\/\/psoin.us.edu.pl\/#organization","name":"Uniwersytet \u015al\u0105ski","url":"https:\/\/psoin.us.edu.pl\/","logo":{"@type":"ImageObject","inLanguage":"pl-PL","@id":"https:\/\/psoin.us.edu.pl\/#\/schema\/logo\/image\/","url":"https:\/\/psoin.us.edu.pl\/wp-content\/uploads\/2025\/07\/cropped-2.png","contentUrl":"https:\/\/psoin.us.edu.pl\/wp-content\/uploads\/2025\/07\/cropped-2.png","width":1792,"height":512,"caption":"Uniwersytet \u015al\u0105ski"},"image":{"@id":"https:\/\/psoin.us.edu.pl\/#\/schema\/logo\/image\/"}}]}},"_links":{"self":[{"href":"https:\/\/psoin.us.edu.pl\/index.php\/wp-json\/wp\/v2\/pages\/39","targetHints":{"allow":["GET"]}}],"collection":[{"href":"https:\/\/psoin.us.edu.pl\/index.php\/wp-json\/wp\/v2\/pages"}],"about":[{"href":"https:\/\/psoin.us.edu.pl\/index.php\/wp-json\/wp\/v2\/types\/page"}],"author":[{"embeddable":true,"href":"https:\/\/psoin.us.edu.pl\/index.php\/wp-json\/wp\/v2\/users\/1"}],"replies":[{"embeddable":true,"href":"https:\/\/psoin.us.edu.pl\/index.php\/wp-json\/wp\/v2\/comments?post=39"}],"version-history":[{"count":62,"href":"https:\/\/psoin.us.edu.pl\/index.php\/wp-json\/wp\/v2\/pages\/39\/revisions"}],"predecessor-version":[{"id":562,"href":"https:\/\/psoin.us.edu.pl\/index.php\/wp-json\/wp\/v2\/pages\/39\/revisions\/562"}],"wp:attachment":[{"href":"https:\/\/psoin.us.edu.pl\/index.php\/wp-json\/wp\/v2\/media?parent=39"}],"curies":[{"name":"wp","href":"https:\/\/api.w.org\/{rel}","templated":true}]}}