{"id":41,"date":"2023-09-21T12:00:11","date_gmt":"2023-09-21T12:00:11","guid":{"rendered":"https:\/\/psoin.new.us.edu.pl\/?page_id=41"},"modified":"2025-07-07T13:02:38","modified_gmt":"2025-07-07T13:02:38","slug":"prawo","status":"publish","type":"page","link":"https:\/\/psoin.us.edu.pl\/index.php\/prawo\/","title":{"rendered":"prawo"},"content":{"rendered":"\t\t<div data-elementor-type=\"wp-page\" data-elementor-id=\"41\" class=\"elementor elementor-41\" data-elementor-post-type=\"page\">\n\t\t\t\t<div class=\"elementor-element elementor-element-6c0d22fb e-flex e-con-boxed e-con e-parent\" data-id=\"6c0d22fb\" data-element_type=\"container\" data-e-type=\"container\">\n\t\t\t\t\t<div class=\"e-con-inner\">\n\t\t\t\t<div class=\"elementor-element elementor-element-823c190 elementor-widget elementor-widget-text-editor\" data-id=\"823c190\" data-element_type=\"widget\" data-e-type=\"widget\" data-widget_type=\"text-editor.default\">\n\t\t\t\t<div class=\"elementor-widget-container\">\n\t\t\t\t\t\t\t\t\t<h1>Akty prawne zwi\u0105zane ze Studiami<\/h1>\t\t\t\t\t\t\t\t<\/div>\n\t\t\t\t<\/div>\n\t\t\t\t<div class=\"elementor-element elementor-element-16ce28a8 elementor-widget elementor-widget-text-editor\" data-id=\"16ce28a8\" data-element_type=\"widget\" data-e-type=\"widget\" data-widget_type=\"text-editor.default\">\n\t\t\t\t<div class=\"elementor-widget-container\">\n\t\t\t\t\t\t\t\t\t<ol><li><strong> Utworzenia Studi\u00f3w Podyplomowych \u201eOchrona informacji niejawnych i administracja bezpiecze\u0144stwa informacji&#8221;<\/strong><br \/><a href=\"https:\/\/aktyprawne.us.edu.pl\/423-lista\/d\/2848\/5\/\">Zarz\u0105dzenie nr\u00a0 122\/2020<\/a><\/li><li><strong>Regulamin studi\u00f3w podyplomowych w\u00a0Uniwersytecie \u015al\u0105skim w\u00a0Katowicach<br \/><\/strong><a href=\"https:\/\/aktyprawne.us.edu.pl\/446-lista-dokumentow\/d\/6637\/5\/\" target=\"_blank\" rel=\"noopener\">Uchwa\u0142a nr\u00a0464\/2023<\/a><\/li><li><strong>Statut Uniwersytetu \u015al\u0105skiego w\u00a0Katowicach<br \/><\/strong><a href=\"https:\/\/aktyprawne.us.edu.pl\/446-lista-dokumentow\/d\/6522\/5\/\" target=\"_blank\" rel=\"noopener\">Obwieszczenie Rektora Uniwersytetu \u015al\u0105skiego w\u00a0Katowicach z\u00a0dnia 28 czerwca 2023\u00a0r.<\/a><br \/>w\u00a0sprawie og\u0142oszenia tekstu jednolitego statutu Uniwersytetu \u015al\u0105skiego w\u00a0Katowicach<br \/><a href=\"https:\/\/aktyprawne.us.edu.pl\/446-lista-dokumentow\/d\/4952\/5\/\">Za\u0142\u0105cznik do\u00a0obwieszczenia Rektora Uniwersytetu \u015al\u0105skiego w\u00a0Katowicach z\u00a0dnia 28 czerwca 2023\u00a0r.<\/a><\/li><li><strong>Organizacja roku akademickiego 2024\/2025<br \/><\/strong><a href=\"https:\/\/us.edu.pl\/organizacja-roku-akademickiego\/\" target=\"_blank\" rel=\"noopener\">Zarz\u0105dzenie nr 85\/2024<\/a><\/li><li><strong>Wysoko\u015b\u0107 op\u0142at za\u00a0kszta\u0142cenie na\u00a0studiach podyplomowych<br \/><\/strong><a href=\"https:\/\/aktyprawne.us.edu.pl\/d\/6572\/6\/\">Zarz\u0105dzenie nr\u00a0120\/2023 <\/a><\/li><li><strong>Wz\u00f3r umowy w\u00a0sprawie warunk\u00f3w odp\u0142atno\u015bci za\u00a0studia podyplomowe<br \/><\/strong><a href=\"https:\/\/aktyprawne.us.edu.pl\/d\/6571\/5\/\" target=\"_blank\" rel=\"noopener\">Zarz\u0105dzenie nr\u00a0119\/2023<\/a><\/li><li><strong>Zasady prowadzenia dokumentacji przebiegu studi\u00f3w podyplomowych w Uniwersytecie \u015al\u0105skim<\/strong><br \/><a href=\"https:\/\/aktyprawne.us.edu.pl\/d\/6734\/5\/\" target=\"_blank\" rel=\"noopener\">Zarz\u0105dzenie nr 142\/2023<\/a><\/li><li><strong>Procedura sk\u0142adania i archiwizowania pisemnych prac dyplomowych Uczestnik\u00f3w\/Uczestniczek studi\u00f3w podyplomowych<\/strong><br \/><a href=\"https:\/\/aktyprawne.us.edu.pl\/d\/6747\/5\/?tc=17\" target=\"_blank\" rel=\"noopener\">Zarz\u0105dzenie nr 154\/2023<\/a><\/li><li><strong>Op\u0142ata za\u00a0wydanie dokument\u00f3w<br \/><\/strong><a href=\"https:\/\/aktyprawne.us.edu.pl\/d\/3028\/5\/\" target=\"_blank\" rel=\"noopener\">Pismo ok\u00f3lne nr\u00a08\/2019<\/a><br \/>w\u00a0sprawie wysoko\u015bci op\u0142at pobieranych od\u00a0student\u00f3w, doktorant\u00f3w, s\u0142uchaczy studi\u00f3w podyplomowych za\u00a0wydanie dokument\u00f3w pocz\u0105wszy od\u00a0roku akademickiego 2019\/2020<\/li><\/ol>\t\t\t\t\t\t\t\t<\/div>\n\t\t\t\t<\/div>\n\t\t\t\t<div class=\"elementor-element elementor-element-ab126ee elementor-widget-divider--view-line elementor-widget elementor-widget-divider\" data-id=\"ab126ee\" data-element_type=\"widget\" data-e-type=\"widget\" data-widget_type=\"divider.default\">\n\t\t\t\t<div class=\"elementor-widget-container\">\n\t\t\t\t\t\t\t<div class=\"elementor-divider\">\n\t\t\t<span class=\"elementor-divider-separator\">\n\t\t\t\t\t\t<\/span>\n\t\t<\/div>\n\t\t\t\t\t\t<\/div>\n\t\t\t\t<\/div>\n\t\t\t\t\t<\/div>\n\t\t\t\t<\/div>\n\t\t\t\t<\/div>\n\t\t","protected":false},"excerpt":{"rendered":"<p>Akty prawne zwi\u0105zane ze Studiami Utworzenia Studi\u00f3w Podyplomowych \u201eOchrona informacji niejawnych i administracja bezpiecze\u0144stwa informacji&#8221;Zarz\u0105dzenie nr\u00a0 122\/2020 Regulamin studi\u00f3w podyplomowych w\u00a0Uniwersytecie \u015al\u0105skim w\u00a0KatowicachUchwa\u0142a nr\u00a0464\/2023 Statut Uniwersytetu \u015al\u0105skiego w\u00a0KatowicachObwieszczenie Rektora Uniwersytetu \u015al\u0105skiego w\u00a0Katowicach z\u00a0dnia 28 czerwca 2023\u00a0r.w\u00a0sprawie og\u0142oszenia tekstu jednolitego statutu Uniwersytetu \u015al\u0105skiego w\u00a0KatowicachZa\u0142\u0105cznik do\u00a0obwieszczenia Rektora Uniwersytetu \u015al\u0105skiego w\u00a0Katowicach z\u00a0dnia 28 czerwca 2023\u00a0r. Organizacja roku akademickiego [&hellip;]<\/p>\n","protected":false},"author":1,"featured_media":0,"parent":0,"menu_order":0,"comment_status":"closed","ping_status":"closed","template":"","meta":{"footnotes":""},"class_list":["post-41","page","type-page","status-publish","hentry"],"yoast_head":"<!-- This site is optimized with the Yoast SEO plugin v27.2 - https:\/\/yoast.com\/product\/yoast-seo-wordpress\/ -->\n<title>prawo -<\/title>\n<meta name=\"robots\" content=\"index, follow, max-snippet:-1, max-image-preview:large, max-video-preview:-1\" \/>\n<link rel=\"canonical\" href=\"https:\/\/psoin.us.edu.pl\/index.php\/prawo\/\" \/>\n<meta property=\"og:locale\" content=\"pl_PL\" \/>\n<meta property=\"og:type\" content=\"article\" \/>\n<meta property=\"og:title\" content=\"prawo -\" \/>\n<meta property=\"og:description\" content=\"Akty prawne zwi\u0105zane ze Studiami Utworzenia Studi\u00f3w Podyplomowych \u201eOchrona informacji niejawnych i administracja bezpiecze\u0144stwa informacji&#8221;Zarz\u0105dzenie nr\u00a0 122\/2020 Regulamin studi\u00f3w podyplomowych w\u00a0Uniwersytecie \u015al\u0105skim w\u00a0KatowicachUchwa\u0142a nr\u00a0464\/2023 Statut Uniwersytetu \u015al\u0105skiego w\u00a0KatowicachObwieszczenie Rektora Uniwersytetu \u015al\u0105skiego w\u00a0Katowicach z\u00a0dnia 28 czerwca 2023\u00a0r.w\u00a0sprawie og\u0142oszenia tekstu jednolitego statutu Uniwersytetu \u015al\u0105skiego w\u00a0KatowicachZa\u0142\u0105cznik do\u00a0obwieszczenia Rektora Uniwersytetu \u015al\u0105skiego w\u00a0Katowicach z\u00a0dnia 28 czerwca 2023\u00a0r. Organizacja roku akademickiego [&hellip;]\" \/>\n<meta property=\"og:url\" content=\"https:\/\/psoin.us.edu.pl\/index.php\/prawo\/\" \/>\n<meta property=\"article:modified_time\" content=\"2025-07-07T13:02:38+00:00\" \/>\n<meta name=\"twitter:card\" content=\"summary_large_image\" \/>\n<meta name=\"twitter:label1\" content=\"Szacowany czas czytania\" \/>\n\t<meta name=\"twitter:data1\" content=\"1 minuta\" \/>\n<script type=\"application\/ld+json\" class=\"yoast-schema-graph\">{\"@context\":\"https:\/\/schema.org\",\"@graph\":[{\"@type\":\"WebPage\",\"@id\":\"https:\/\/psoin.us.edu.pl\/index.php\/prawo\/\",\"url\":\"https:\/\/psoin.us.edu.pl\/index.php\/prawo\/\",\"name\":\"prawo -\",\"isPartOf\":{\"@id\":\"https:\/\/psoin.us.edu.pl\/#website\"},\"datePublished\":\"2023-09-21T12:00:11+00:00\",\"dateModified\":\"2025-07-07T13:02:38+00:00\",\"breadcrumb\":{\"@id\":\"https:\/\/psoin.us.edu.pl\/index.php\/prawo\/#breadcrumb\"},\"inLanguage\":\"pl-PL\",\"potentialAction\":[{\"@type\":\"ReadAction\",\"target\":[\"https:\/\/psoin.us.edu.pl\/index.php\/prawo\/\"]}]},{\"@type\":\"BreadcrumbList\",\"@id\":\"https:\/\/psoin.us.edu.pl\/index.php\/prawo\/#breadcrumb\",\"itemListElement\":[{\"@type\":\"ListItem\",\"position\":1,\"name\":\"Strona g\u0142\u00f3wna\",\"item\":\"https:\/\/psoin.us.edu.pl\/\"},{\"@type\":\"ListItem\",\"position\":2,\"name\":\"prawo\"}]},{\"@type\":\"WebSite\",\"@id\":\"https:\/\/psoin.us.edu.pl\/#website\",\"url\":\"https:\/\/psoin.us.edu.pl\/\",\"name\":\"Studia podyplomowe ochrona informacji niejawnych i administracja bezpiecze\u0144stwa informacji\",\"description\":\"\",\"publisher\":{\"@id\":\"https:\/\/psoin.us.edu.pl\/#organization\"},\"potentialAction\":[{\"@type\":\"SearchAction\",\"target\":{\"@type\":\"EntryPoint\",\"urlTemplate\":\"https:\/\/psoin.us.edu.pl\/?s={search_term_string}\"},\"query-input\":{\"@type\":\"PropertyValueSpecification\",\"valueRequired\":true,\"valueName\":\"search_term_string\"}}],\"inLanguage\":\"pl-PL\"},{\"@type\":\"Organization\",\"@id\":\"https:\/\/psoin.us.edu.pl\/#organization\",\"name\":\"Uniwersytet \u015al\u0105ski\",\"url\":\"https:\/\/psoin.us.edu.pl\/\",\"logo\":{\"@type\":\"ImageObject\",\"inLanguage\":\"pl-PL\",\"@id\":\"https:\/\/psoin.us.edu.pl\/#\/schema\/logo\/image\/\",\"url\":\"https:\/\/psoin.us.edu.pl\/wp-content\/uploads\/2025\/07\/cropped-2.png\",\"contentUrl\":\"https:\/\/psoin.us.edu.pl\/wp-content\/uploads\/2025\/07\/cropped-2.png\",\"width\":1792,\"height\":512,\"caption\":\"Uniwersytet \u015al\u0105ski\"},\"image\":{\"@id\":\"https:\/\/psoin.us.edu.pl\/#\/schema\/logo\/image\/\"}}]}<\/script>\n<!-- \/ Yoast SEO plugin. -->","yoast_head_json":{"title":"prawo -","robots":{"index":"index","follow":"follow","max-snippet":"max-snippet:-1","max-image-preview":"max-image-preview:large","max-video-preview":"max-video-preview:-1"},"canonical":"https:\/\/psoin.us.edu.pl\/index.php\/prawo\/","og_locale":"pl_PL","og_type":"article","og_title":"prawo -","og_description":"Akty prawne zwi\u0105zane ze Studiami Utworzenia Studi\u00f3w Podyplomowych \u201eOchrona informacji niejawnych i administracja bezpiecze\u0144stwa informacji&#8221;Zarz\u0105dzenie nr\u00a0 122\/2020 Regulamin studi\u00f3w podyplomowych w\u00a0Uniwersytecie \u015al\u0105skim w\u00a0KatowicachUchwa\u0142a nr\u00a0464\/2023 Statut Uniwersytetu \u015al\u0105skiego w\u00a0KatowicachObwieszczenie Rektora Uniwersytetu \u015al\u0105skiego w\u00a0Katowicach z\u00a0dnia 28 czerwca 2023\u00a0r.w\u00a0sprawie og\u0142oszenia tekstu jednolitego statutu Uniwersytetu \u015al\u0105skiego w\u00a0KatowicachZa\u0142\u0105cznik do\u00a0obwieszczenia Rektora Uniwersytetu \u015al\u0105skiego w\u00a0Katowicach z\u00a0dnia 28 czerwca 2023\u00a0r. Organizacja roku akademickiego [&hellip;]","og_url":"https:\/\/psoin.us.edu.pl\/index.php\/prawo\/","article_modified_time":"2025-07-07T13:02:38+00:00","twitter_card":"summary_large_image","twitter_misc":{"Szacowany czas czytania":"1 minuta"},"schema":{"@context":"https:\/\/schema.org","@graph":[{"@type":"WebPage","@id":"https:\/\/psoin.us.edu.pl\/index.php\/prawo\/","url":"https:\/\/psoin.us.edu.pl\/index.php\/prawo\/","name":"prawo -","isPartOf":{"@id":"https:\/\/psoin.us.edu.pl\/#website"},"datePublished":"2023-09-21T12:00:11+00:00","dateModified":"2025-07-07T13:02:38+00:00","breadcrumb":{"@id":"https:\/\/psoin.us.edu.pl\/index.php\/prawo\/#breadcrumb"},"inLanguage":"pl-PL","potentialAction":[{"@type":"ReadAction","target":["https:\/\/psoin.us.edu.pl\/index.php\/prawo\/"]}]},{"@type":"BreadcrumbList","@id":"https:\/\/psoin.us.edu.pl\/index.php\/prawo\/#breadcrumb","itemListElement":[{"@type":"ListItem","position":1,"name":"Strona g\u0142\u00f3wna","item":"https:\/\/psoin.us.edu.pl\/"},{"@type":"ListItem","position":2,"name":"prawo"}]},{"@type":"WebSite","@id":"https:\/\/psoin.us.edu.pl\/#website","url":"https:\/\/psoin.us.edu.pl\/","name":"Studia podyplomowe ochrona informacji niejawnych i administracja bezpiecze\u0144stwa informacji","description":"","publisher":{"@id":"https:\/\/psoin.us.edu.pl\/#organization"},"potentialAction":[{"@type":"SearchAction","target":{"@type":"EntryPoint","urlTemplate":"https:\/\/psoin.us.edu.pl\/?s={search_term_string}"},"query-input":{"@type":"PropertyValueSpecification","valueRequired":true,"valueName":"search_term_string"}}],"inLanguage":"pl-PL"},{"@type":"Organization","@id":"https:\/\/psoin.us.edu.pl\/#organization","name":"Uniwersytet \u015al\u0105ski","url":"https:\/\/psoin.us.edu.pl\/","logo":{"@type":"ImageObject","inLanguage":"pl-PL","@id":"https:\/\/psoin.us.edu.pl\/#\/schema\/logo\/image\/","url":"https:\/\/psoin.us.edu.pl\/wp-content\/uploads\/2025\/07\/cropped-2.png","contentUrl":"https:\/\/psoin.us.edu.pl\/wp-content\/uploads\/2025\/07\/cropped-2.png","width":1792,"height":512,"caption":"Uniwersytet \u015al\u0105ski"},"image":{"@id":"https:\/\/psoin.us.edu.pl\/#\/schema\/logo\/image\/"}}]}},"_links":{"self":[{"href":"https:\/\/psoin.us.edu.pl\/index.php\/wp-json\/wp\/v2\/pages\/41","targetHints":{"allow":["GET"]}}],"collection":[{"href":"https:\/\/psoin.us.edu.pl\/index.php\/wp-json\/wp\/v2\/pages"}],"about":[{"href":"https:\/\/psoin.us.edu.pl\/index.php\/wp-json\/wp\/v2\/types\/page"}],"author":[{"embeddable":true,"href":"https:\/\/psoin.us.edu.pl\/index.php\/wp-json\/wp\/v2\/users\/1"}],"replies":[{"embeddable":true,"href":"https:\/\/psoin.us.edu.pl\/index.php\/wp-json\/wp\/v2\/comments?post=41"}],"version-history":[{"count":21,"href":"https:\/\/psoin.us.edu.pl\/index.php\/wp-json\/wp\/v2\/pages\/41\/revisions"}],"predecessor-version":[{"id":568,"href":"https:\/\/psoin.us.edu.pl\/index.php\/wp-json\/wp\/v2\/pages\/41\/revisions\/568"}],"wp:attachment":[{"href":"https:\/\/psoin.us.edu.pl\/index.php\/wp-json\/wp\/v2\/media?parent=41"}],"curies":[{"name":"wp","href":"https:\/\/api.w.org\/{rel}","templated":true}]}}